{"id":319,"date":"2022-11-18T19:16:12","date_gmt":"2022-11-18T19:16:12","guid":{"rendered":"https:\/\/elbuhodg.com\/?page_id=319"},"modified":"2025-08-02T18:04:50","modified_gmt":"2025-08-02T18:04:50","slug":"mono","status":"publish","type":"page","link":"https:\/\/elbuhodg.com\/en\/mono\/","title":{"rendered":"Acerca de Mono"},"content":{"rendered":"<div data-elementor-type=\"wp-page\" data-elementor-id=\"319\" class=\"elementor elementor-319\">\n\t\t\t\t\t\t<section class=\"elementor-section elementor-top-section elementor-element elementor-element-794d8587 elementor-section-boxed elementor-section-height-default elementor-section-height-default\" data-id=\"794d8587\" data-element_type=\"section\" data-e-type=\"section\">\n\t\t\t\t\t\t<div class=\"elementor-container elementor-column-gap-default\">\n\t\t\t\t\t<div class=\"elementor-column elementor-col-100 elementor-top-column elementor-element elementor-element-19f39a6d\" data-id=\"19f39a6d\" data-element_type=\"column\" data-e-type=\"column\">\n\t\t\t<div class=\"elementor-widget-wrap elementor-element-populated\">\n\t\t\t\t\t\t<div class=\"elementor-element elementor-element-79c742da elementor-widget__width-initial elementor-invisible elementor-widget elementor-widget-text-editor\" data-id=\"79c742da\" data-element_type=\"widget\" data-e-type=\"widget\" data-settings=\"{&quot;_animation&quot;:&quot;fadeInUp&quot;}\" data-widget_type=\"text-editor.default\">\n\t\t\t\t<div class=\"elementor-widget-container\">\n\t\t\t\t\t\t\t\t\t<p><\/p>\n<p><\/p>\n<p><\/p>\n<p><\/p>\n<p><\/p>\n<div class=\"wp-block-media-text is-stacked-on-mobile is-vertically-aligned-center is-style-card\" style=\"grid-template-columns: 58% auto;\">\n<figure class=\"wp-block-media-text__media\"><img fetchpriority=\"high\" decoding=\"async\" data-recalc-dims=\"1\" height=\"726\" width=\"1024\" class=\"wp-image-340 size-full\" src=\"https:\/\/i0.wp.com\/elbuhodg.com\/wp-content\/uploads\/2022\/11\/mono4_mh1617208353425.jpg?resize=1024%2C726&#038;ssl=1\" alt=\"\" \/><\/figure>\n<div class=\"wp-block-media-text__content\">\n<p><\/p>\n<p class=\"has-small-font-size\">Soy Mono Basegoda, he trabajado en dise\u00f1o gr\u00e1fico y estrategias de comunicaci\u00f3n interna desde hace 12 a\u00f1os. Mi trabajo se inspira en las personas y por ello me esmero en que cada pieza y estrategia comunique efectivamente a cada uno de los grupos objetivos.\u00a0<\/p>\n<p class=\"has-small-font-size\">PS. Me gusta cocinar \ud83d\ude42<\/p>\n<p><\/p>\n<\/div>\n<\/div>\n<p><\/p>\n<p><\/p>\n<p class=\"has-large-font-size\"><strong>Preparaci\u00f3n<\/strong><\/p>\n<p><\/p>\n<p><\/p>\n<div class=\"wp-block-columns is-layout-flex wp-container-core-columns-is-layout-28f84493 wp-block-columns-is-layout-flex\">\n<p><\/p>\n<div class=\"wp-block-column is-layout-flow wp-block-column-is-layout-flow\" style=\"flex-basis: 33.33%;\">\n<p><\/p>\n<p class=\"has-medium-font-size\"><strong>Han sido Clientes<\/strong><\/p>\n<p><\/p>\n<p><\/p>\n<pre class=\"wp-block-verse has-text-align-left has-small-font-size\">He colaborado con distintas piezas de dise\u00f1o publicitario y de manejo interno para clientes como:<\/pre>\n<pre class=\"wp-block-verse has-text-align-left has-small-font-size\">Grupo TRT, Procesadora de Tarjetas de Cr\u00e9dito, CrediChapin, Isopan, Mayorpit (Domino's Pizza), CPS Logistics, CPX, USAID, Martinexsa, Tianguis, Grupo Rosul entre otros.<\/pre>\n<pre class=\"wp-block-verse has-text-align-left has-small-font-size\">He trabajado para Vitali Alimentos, donde mi aporte m\u00e1s importante fue el redise\u00f1o del logotipo, creando y fortaleciendo la nueva imagen a nivel corporativo, as\u00ed como la elaboraci\u00f3n de multimedia para lanzamientos internos de productos para marcas como Piolindo: Pollo Agridulce y Chicken Thai.<\/pre>\n<pre class=\"wp-block-verse has-text-align-left has-small-font-size\">Tambi\u00e9n trabajo con AGH - Asociaci\u00f3n Guatemalteca de Profesionales en Gesti\u00f3n Humana, manejando redes sociales, comunicaci\u00f3n y materiales internos \/ externos.<\/pre>\n<p><\/p>\n<\/div>\n<p><\/p>\n<p><\/p>\n<div class=\"wp-block-column is-layout-flow wp-block-column-is-layout-flow\" style=\"flex-basis: 66.66%;\">\n<p><\/p>\n<p class=\"has-medium-font-size\"><strong>Estudios<\/strong><\/p>\n<p><\/p>\n<p><\/p>\n<p class=\"has-small-font-size\">2025 | M\u00e1ster Internacional en Liderazgo y Transformaci\u00f3n Cultural | Bur\u00f3 Business School<\/p>\n<p class=\"has-small-font-size\">2016 | Maestr\u00eda en Administraci\u00f3n con Especializaci\u00f3n en Mercadeo | Universidad Galileo &#8211; Cum Laude<\/p>\n<p><\/p>\n<p><\/p>\n<p class=\"has-small-font-size\">2014 | Post Grado en Mercadeo Estrat\u00e9gico y Gerencial | Universidad Galileo<\/p>\n<p><\/p>\n<p><\/p>\n<p class=\"has-small-font-size\">2012 | Licenciatura en Dise\u00f1o Gr\u00e1fico | Universidad Rafael Landivar &#8211; Cum Laude<\/p>\n<p><\/p>\n<p><\/p>\n<p><strong>Otros<\/strong><\/p>\n<p><\/p>\n<p><\/p>\n<p class=\"has-small-font-size\">2023 | Conferencia \u00abTodos Hablan, Pocos Comunican\u00bb\u00a0 | AGH<\/p>\n<p class=\"has-small-font-size\">2022 | Factores psicosociales que impulsan el Bienestar Organizacional y la inclusi\u00f3n en las empresas guatemaltecas | Foro Empresarial USAID<\/p>\n<p><\/p>\n<p><\/p>\n<p class=\"has-small-font-size\">2022 | Tendencias en E-learning corporativo | CEO Consultor\u00eda Estrat\u00e9gica Organizacional<\/p>\n<p><\/p>\n<p><\/p>\n<p class=\"has-small-font-size\">2022 | High Performance Collaboration: Leadership, Teamwork, and Negotiation | Northwern University<\/p>\n<p><\/p>\n<p><\/p>\n<p class=\"has-small-font-size\">2022 | Storytelling in Branding and Content Marketing | IE Business School<\/p>\n<p><\/p>\n<p><\/p>\n<p class=\"has-small-font-size\">2021 | Estrategias y herramientas para la productividad | Universidad Rafael Landivar<\/p>\n<p><\/p>\n<p><\/p>\n<p class=\"has-small-font-size\">2020 | Comunicaci\u00f3n Interna como Estrategia para gestionar la \u00e9poca de cambio | AGH<\/p>\n<p><\/p>\n<p><\/p>\n<p class=\"has-small-font-size\">2020 | Claves para afrontar una crisis de Marca Empleadora en Redes Sociales | + Talento<\/p>\n<p><\/p>\n<p><\/p>\n<p class=\"has-small-font-size\">2019 | Indicadores y An\u00e1lisis de Campa\u00f1as de Redes Sociales | AGG<\/p>\n<p><\/p>\n<p><\/p>\n<p class=\"has-small-font-size\">2018 | Seminario Internacional Social Selling: De Vendedor a Social Seller en la Econom\u00eda Digital y Red | Panamerican Business School<\/p>\n<p><\/p>\n<p><\/p>\n<p class=\"has-small-font-size\">2017 | Tendencias en el manejo de redes sociales | Universidad Rafael Landivar<\/p>\n<p><\/p>\n<p><\/p>\n<p class=\"has-small-font-size\">2016 | Taller Design Thinking | Universidad Rafael Landivar<\/p>\n<p><\/p>\n<p><\/p>\n<p class=\"has-small-font-size\">2015 | Taller Marketing Digital | Universidad Rafael Landivar<\/p>\n<p><\/p>\n<p><\/p>\n<p class=\"has-small-font-size\">2015 | Conferencia Creatividad y Marketing | Saul. E. Mendez \/ URL<\/p>\n<p><\/p>\n<p><\/p>\n<p class=\"has-small-font-size\">2014 | Taller Fotograf\u00eda Digital | Universidad Rafael Landivar<\/p>\n<p><\/p>\n<p><\/p>\n<p class=\"has-small-font-size\">Ingl\u00e9s nivel avanzado Preparaci\u00f3n TOEFL &#8211; IGA<\/p>\n<p><\/p>\n<\/div>\n<p><\/p>\n<\/div>\n<p><\/p>\n<p><\/p>\n<h2 class=\"wp-block-heading\">Portafolio<\/h2>\n<p><\/p>\n<p><\/p>\n<div class=\"wp-block-jetpack-tiled-gallery aligncenter is-style-rectangular\">\n<div class=\"tiled-gallery__gallery\">\n<div class=\"tiled-gallery__row\">\n<div class=\"tiled-gallery__col\" style=\"flex-basis: 66.84022%;\">\n<figure class=\"tiled-gallery__item\"><img decoding=\"async\" srcset=\"https:\/\/i1.wp.com\/elbuhodg.com\/wp-content\/uploads\/2022\/11\/Portafolio-Monica-Basegoda10-1024x790.jpg?strip=info&#038;w=600&#038;ssl=1 600w,https:\/\/i1.wp.com\/elbuhodg.com\/wp-content\/uploads\/2022\/11\/Portafolio-Monica-Basegoda10-1024x790.jpg?strip=info&#038;w=900&#038;ssl=1 900w,https:\/\/i1.wp.com\/elbuhodg.com\/wp-content\/uploads\/2022\/11\/Portafolio-Monica-Basegoda10-1024x790.jpg?strip=info&#038;w=1200&#038;ssl=1 1200w,https:\/\/i1.wp.com\/elbuhodg.com\/wp-content\/uploads\/2022\/11\/Portafolio-Monica-Basegoda10-1024x790.jpg?strip=info&#038;w=1500&#038;ssl=1 1500w,https:\/\/i1.wp.com\/elbuhodg.com\/wp-content\/uploads\/2022\/11\/Portafolio-Monica-Basegoda10-1024x790.jpg?strip=info&#038;w=1622&#038;ssl=1 1622w\" src=\"https:\/\/i1.wp.com\/elbuhodg.com\/wp-content\/uploads\/2022\/11\/Portafolio-Monica-Basegoda10-1024x790.jpg?ssl=1\" alt=\"\" data-height=\"1252\" data-id=\"331\" data-link=\"https:\/\/elbuhodg.com\/?attachment_id=331\" data-url=\"https:\/\/elbuhodg.com\/wp-content\/uploads\/2022\/11\/Portafolio-Monica-Basegoda10-1024x790.jpg\" data-width=\"1622\" data-amp-layout=\"responsive\" \/><\/figure>\n<\/div>\n<div class=\"tiled-gallery__col\" style=\"flex-basis: 33.15978%;\">\n<figure class=\"tiled-gallery__item\"><img decoding=\"async\" srcset=\"https:\/\/i2.wp.com\/elbuhodg.com\/wp-content\/uploads\/2022\/11\/Portafolio-Monica-Basegoda2.jpg?strip=info&#038;w=600&#038;ssl=1 600w,https:\/\/i2.wp.com\/elbuhodg.com\/wp-content\/uploads\/2022\/11\/Portafolio-Monica-Basegoda2.jpg?strip=info&#038;w=772&#038;ssl=1 772w\" src=\"https:\/\/i2.wp.com\/elbuhodg.com\/wp-content\/uploads\/2022\/11\/Portafolio-Monica-Basegoda2.jpg?ssl=1\" alt=\"\" data-height=\"598\" data-id=\"332\" data-link=\"https:\/\/elbuhodg.com\/?attachment_id=332\" data-url=\"https:\/\/elbuhodg.com\/wp-content\/uploads\/2022\/11\/Portafolio-Monica-Basegoda2.jpg\" data-width=\"772\" data-amp-layout=\"responsive\" \/><\/figure>\n<figure class=\"tiled-gallery__item\"><img decoding=\"async\" srcset=\"https:\/\/i2.wp.com\/elbuhodg.com\/wp-content\/uploads\/2022\/11\/Portafolio-Monica-Basegoda5.jpg?strip=info&#038;w=600&#038;ssl=1 600w,https:\/\/i2.wp.com\/elbuhodg.com\/wp-content\/uploads\/2022\/11\/Portafolio-Monica-Basegoda5.jpg?strip=info&#038;w=770&#038;ssl=1 770w\" src=\"https:\/\/i2.wp.com\/elbuhodg.com\/wp-content\/uploads\/2022\/11\/Portafolio-Monica-Basegoda5.jpg?ssl=1\" alt=\"\" data-height=\"596\" data-id=\"333\" data-link=\"https:\/\/elbuhodg.com\/?attachment_id=333\" data-url=\"https:\/\/elbuhodg.com\/wp-content\/uploads\/2022\/11\/Portafolio-Monica-Basegoda5.jpg\" data-width=\"770\" data-amp-layout=\"responsive\" \/><\/figure>\n<\/div>\n<\/div>\n<div class=\"tiled-gallery__row\">\n<div class=\"tiled-gallery__col\" style=\"flex-basis: 33.25210%;\">\n<figure class=\"tiled-gallery__item\"><img decoding=\"async\" srcset=\"https:\/\/i0.wp.com\/elbuhodg.com\/wp-content\/uploads\/2022\/11\/Portafolio-Monica-Basegoda9-1024x792.jpg?strip=info&#038;w=600&#038;ssl=1 600w,https:\/\/i0.wp.com\/elbuhodg.com\/wp-content\/uploads\/2022\/11\/Portafolio-Monica-Basegoda9-1024x792.jpg?strip=info&#038;w=900&#038;ssl=1 900w,https:\/\/i0.wp.com\/elbuhodg.com\/wp-content\/uploads\/2022\/11\/Portafolio-Monica-Basegoda9-1024x792.jpg?strip=info&#038;w=1200&#038;ssl=1 1200w,https:\/\/i0.wp.com\/elbuhodg.com\/wp-content\/uploads\/2022\/11\/Portafolio-Monica-Basegoda9-1024x792.jpg?strip=info&#038;w=1263&#038;ssl=1 1263w\" src=\"https:\/\/i0.wp.com\/elbuhodg.com\/wp-content\/uploads\/2022\/11\/Portafolio-Monica-Basegoda9-1024x792.jpg?ssl=1\" alt=\"\" data-height=\"977\" data-id=\"334\" data-link=\"https:\/\/elbuhodg.com\/?attachment_id=334\" data-url=\"https:\/\/elbuhodg.com\/wp-content\/uploads\/2022\/11\/Portafolio-Monica-Basegoda9-1024x792.jpg\" data-width=\"1263\" data-amp-layout=\"responsive\" \/><\/figure>\n<figure class=\"tiled-gallery__item\"><img decoding=\"async\" srcset=\"https:\/\/i0.wp.com\/elbuhodg.com\/wp-content\/uploads\/2022\/11\/Portafolio-Monica-Basegoda8.jpg?strip=info&#038;w=600&#038;ssl=1 600w,https:\/\/i0.wp.com\/elbuhodg.com\/wp-content\/uploads\/2022\/11\/Portafolio-Monica-Basegoda8.jpg?strip=info&#038;w=900&#038;ssl=1 900w,https:\/\/i0.wp.com\/elbuhodg.com\/wp-content\/uploads\/2022\/11\/Portafolio-Monica-Basegoda8.jpg?strip=info&#038;w=1006&#038;ssl=1 1006w\" src=\"https:\/\/i0.wp.com\/elbuhodg.com\/wp-content\/uploads\/2022\/11\/Portafolio-Monica-Basegoda8.jpg?ssl=1\" alt=\"\" data-height=\"777\" data-id=\"326\" data-link=\"https:\/\/elbuhodg.com\/?attachment_id=326\" data-url=\"https:\/\/elbuhodg.com\/wp-content\/uploads\/2022\/11\/Portafolio-Monica-Basegoda8.jpg\" data-width=\"1006\" data-amp-layout=\"responsive\" \/><\/figure>\n<\/div>\n<div class=\"tiled-gallery__col\" style=\"flex-basis: 66.74790%;\">\n<figure class=\"tiled-gallery__item\"><img decoding=\"async\" srcset=\"https:\/\/i0.wp.com\/elbuhodg.com\/wp-content\/uploads\/2022\/11\/3.jpg?strip=info&#038;w=600&#038;ssl=1 600w,https:\/\/i0.wp.com\/elbuhodg.com\/wp-content\/uploads\/2022\/11\/3.jpg?strip=info&#038;w=747&#038;ssl=1 747w\" src=\"https:\/\/i0.wp.com\/elbuhodg.com\/wp-content\/uploads\/2022\/11\/3.jpg?ssl=1\" alt=\"\" data-height=\"578\" data-id=\"327\" data-link=\"https:\/\/elbuhodg.com\/?attachment_id=327\" data-url=\"https:\/\/elbuhodg.com\/wp-content\/uploads\/2022\/11\/3.jpg\" data-width=\"747\" data-amp-layout=\"responsive\" \/><\/figure>\n<\/div>\n<\/div>\n<div class=\"tiled-gallery__row\">\n<div class=\"tiled-gallery__col\" style=\"flex-basis: 33.40600%;\">\n<figure class=\"tiled-gallery__item\"><img decoding=\"async\" srcset=\"https:\/\/i1.wp.com\/elbuhodg.com\/wp-content\/uploads\/2022\/11\/Portafolio-Monica-Basegoda7.jpg?strip=info&#038;w=600&#038;ssl=1 600w,https:\/\/i1.wp.com\/elbuhodg.com\/wp-content\/uploads\/2022\/11\/Portafolio-Monica-Basegoda7.jpg?strip=info&#038;w=778&#038;ssl=1 778w\" src=\"https:\/\/i1.wp.com\/elbuhodg.com\/wp-content\/uploads\/2022\/11\/Portafolio-Monica-Basegoda7.jpg?ssl=1\" alt=\"\" data-height=\"600\" data-id=\"328\" data-link=\"https:\/\/elbuhodg.com\/?attachment_id=328\" data-url=\"https:\/\/elbuhodg.com\/wp-content\/uploads\/2022\/11\/Portafolio-Monica-Basegoda7.jpg\" data-width=\"778\" data-amp-layout=\"responsive\" \/><\/figure>\n<\/div>\n<div class=\"tiled-gallery__col\" style=\"flex-basis: 33.28383%;\">\n<figure class=\"tiled-gallery__item\"><img decoding=\"async\" srcset=\"https:\/\/i1.wp.com\/elbuhodg.com\/wp-content\/uploads\/2022\/11\/Portafolio-Monica-Basegoda4.jpg?strip=info&#038;w=600&#038;ssl=1 600w,https:\/\/i1.wp.com\/elbuhodg.com\/wp-content\/uploads\/2022\/11\/Portafolio-Monica-Basegoda4.jpg?strip=info&#038;w=686&#038;ssl=1 686w\" src=\"https:\/\/i1.wp.com\/elbuhodg.com\/wp-content\/uploads\/2022\/11\/Portafolio-Monica-Basegoda4.jpg?ssl=1\" alt=\"\" data-height=\"531\" data-id=\"329\" data-link=\"https:\/\/elbuhodg.com\/?attachment_id=329\" data-url=\"https:\/\/elbuhodg.com\/wp-content\/uploads\/2022\/11\/Portafolio-Monica-Basegoda4.jpg\" data-width=\"686\" data-amp-layout=\"responsive\" \/><\/figure>\n<\/div>\n<div class=\"tiled-gallery__col\" style=\"flex-basis: 33.31017%;\">\n<figure class=\"tiled-gallery__item\"><img decoding=\"async\" srcset=\"https:\/\/i2.wp.com\/elbuhodg.com\/wp-content\/uploads\/2022\/11\/Portafolio-Monica-Basegoda.jpg?strip=info&#038;w=600&#038;ssl=1 600w,https:\/\/i2.wp.com\/elbuhodg.com\/wp-content\/uploads\/2022\/11\/Portafolio-Monica-Basegoda.jpg?strip=info&#038;w=768&#038;ssl=1 768w\" src=\"https:\/\/i2.wp.com\/elbuhodg.com\/wp-content\/uploads\/2022\/11\/Portafolio-Monica-Basegoda.jpg?ssl=1\" alt=\"\" data-height=\"594\" data-id=\"330\" data-link=\"https:\/\/elbuhodg.com\/?attachment_id=330\" data-url=\"https:\/\/elbuhodg.com\/wp-content\/uploads\/2022\/11\/Portafolio-Monica-Basegoda.jpg\" data-width=\"768\" data-amp-layout=\"responsive\" \/><\/figure>\n<\/div>\n<\/div>\n<\/div>\n<\/div>\n<p><\/p>\t\t\t\t\t\t\t\t<\/div>\n\t\t\t\t<\/div>\n\t\t\t\t\t<\/div>\n\t\t<\/div>\n\t\t\t\t\t<\/div>\n\t\t<\/section>\n\t\t\t\t<\/div>","protected":false},"excerpt":{"rendered":"<p>Soy Mono Basegoda, he trabajado en dise\u00f1o gr\u00e1fico y estrategias de comunicaci\u00f3n interna desde hace 12 a\u00f1os. Mi trabajo se inspira en las personas y por ello me esmero en que cada pieza y estrategia comunique efectivamente a cada uno de los grupos objetivos.\u00a0 PS. Me gusta cocinar \ud83d\ude42 Preparaci\u00f3n Han sido Clientes He colaborado [&hellip;]<\/p>\n","protected":false},"author":1,"featured_media":0,"parent":0,"menu_order":0,"comment_status":"closed","ping_status":"closed","template":"","meta":{"_coblocks_attr":"","_coblocks_dimensions":"","_coblocks_responsive_height":"","_coblocks_accordion_ie_support":"","_gspb_post_css":"","footnotes":""},"class_list":["post-319","page","type-page","status-publish","hentry"],"aioseo_notices":[],"blog_post_layout_featured_media_urls":{"thumbnail":"","full":""},"categories_names":null,"comments_number":"0","jetpack_sharing_enabled":false,"_links":{"self":[{"href":"https:\/\/elbuhodg.com\/en\/wp-json\/wp\/v2\/pages\/319","targetHints":{"allow":["GET"]}}],"collection":[{"href":"https:\/\/elbuhodg.com\/en\/wp-json\/wp\/v2\/pages"}],"about":[{"href":"https:\/\/elbuhodg.com\/en\/wp-json\/wp\/v2\/types\/page"}],"author":[{"embeddable":true,"href":"https:\/\/elbuhodg.com\/en\/wp-json\/wp\/v2\/users\/1"}],"replies":[{"embeddable":true,"href":"https:\/\/elbuhodg.com\/en\/wp-json\/wp\/v2\/comments?post=319"}],"version-history":[{"count":59,"href":"https:\/\/elbuhodg.com\/en\/wp-json\/wp\/v2\/pages\/319\/revisions"}],"predecessor-version":[{"id":2731,"href":"https:\/\/elbuhodg.com\/en\/wp-json\/wp\/v2\/pages\/319\/revisions\/2731"}],"wp:attachment":[{"href":"https:\/\/elbuhodg.com\/en\/wp-json\/wp\/v2\/media?parent=319"}],"curies":[{"name":"wp","href":"https:\/\/api.w.org\/{rel}","templated":true}]}}