{"id":278,"date":"2022-11-11T21:04:45","date_gmt":"2022-11-11T21:04:45","guid":{"rendered":"https:\/\/elbuhodg.com\/?page_id=278"},"modified":"2022-11-21T20:12:30","modified_gmt":"2022-11-21T20:12:30","slug":"portafolio","status":"publish","type":"page","link":"https:\/\/elbuhodg.com\/en\/portafolio\/","title":{"rendered":"Blog"},"content":{"rendered":"<div data-elementor-type=\"wp-page\" data-elementor-id=\"278\" class=\"elementor elementor-278\">\n\t\t\t\t\t\t<section class=\"elementor-section elementor-top-section elementor-element elementor-element-9070589 elementor-section-boxed elementor-section-height-default elementor-section-height-default\" data-id=\"9070589\" data-element_type=\"section\" data-e-type=\"section\">\n\t\t\t\t\t\t<div class=\"elementor-container elementor-column-gap-default\">\n\t\t\t\t\t<div class=\"elementor-column elementor-col-100 elementor-top-column elementor-element elementor-element-76fd4b3\" data-id=\"76fd4b3\" data-element_type=\"column\" data-e-type=\"column\">\n\t\t\t<div class=\"elementor-widget-wrap elementor-element-populated\">\n\t\t\t\t\t\t<div class=\"elementor-element elementor-element-836d066 elementor-invisible elementor-widget elementor-widget-cv-masonry-blog-post-layout\" data-id=\"836d066\" data-element_type=\"widget\" data-e-type=\"widget\" data-settings=\"{&quot;_animation&quot;:&quot;fadeInUp&quot;}\" data-widget_type=\"cv-masonry-blog-post-layout.default\">\n\t\t\t\t<div class=\"elementor-widget-container\">\n\t\t\t\t\t<div id=\"cv-masonry-post-layout\" class=\"block-836d066 cv-block cv-masonry-post-layout cv-block-masonry--layout-one cv-block-grid--layout-one\">    <div class=\"cv-post-wrapper cv-post--imagemargin column--two\">\r\n                        <article post-id=\"post-554\" class=\"cv-post post-format--standard cv-icon\" itemscope itemtype=\"http:\/\/schema.org\/articleBody\">\r\n                                        <div class=\"cv-post-thumb\">\r\n                        <a href=\"https:\/\/elbuhodg.com\/en\/comunicacion-en-la-era-que-nadie-lee-escucha-u-observa\/\"><img data-recalc-dims=\"1\" decoding=\"async\" src=\"https:\/\/i0.wp.com\/elbuhodg.com\/wp-content\/plugins\/wp-blog-post-layouts\/includes\/assets\/images\/image.jpg?ssl=1\" alt=\"Comunicaci\u00f3n en la era que nadie lee, escucha u observa.\"\/><\/a>\r\n                    <\/div>\r\n                    <h2 class=\"cv-post-title\">\r\n                        <a href=\"https:\/\/elbuhodg.com\/en\/comunicacion-en-la-era-que-nadie-lee-escucha-u-observa\/\" target=\"_self\">\r\n                            Comunicaci\u00f3n en la era que nadie lee, escucha u observa.                        <\/a>\r\n                    <\/h2>\r\n                    <div class=\"cv-post-meta cv-meta-icon-show\">\r\n                                            <\/div>\r\n                <div class=\"cv-post-content\" itemprop=\"description\">Todos hemos escuchado sobre la tendencia de la \u201catenci\u00f3n fugaz\u201d, cada vez tenemos menos tiempo&hellip;<\/div><div class=\"cv-read-more\"><a href=\"https:\/\/elbuhodg.com\/en\/comunicacion-en-la-era-que-nadie-lee-escucha-u-observa\/\">Read more<i class=\"fas fa-arrow-right\"><\/i><\/a><\/div>                <\/article>\r\n            <\/div><\/div>\t\t\t\t<\/div>\n\t\t\t\t<\/div>\n\t\t\t\t\t<\/div>\n\t\t<\/div>\n\t\t\t\t\t<\/div>\n\t\t<\/section>\n\t\t\t\t<\/div>","protected":false},"excerpt":{"rendered":"<p>\u00a1Ayuda! \u00bfC\u00f3mo dise\u00f1o m\u00e1s r\u00e1pido y eficiente? AyudaDise\u00f1oEficienteRapido Dise\u00f1ar va m\u00e1s all\u00e1 de una imagen y mucho m\u00e1s all\u00e1 de editar una plantilla,&hellip;Read more Vectoriza una imagen en Illustrator en 3 pasos Pan comido!Read more<\/p>","protected":false},"author":1,"featured_media":0,"parent":0,"menu_order":0,"comment_status":"closed","ping_status":"closed","template":"","meta":{"_coblocks_attr":"","_coblocks_dimensions":"","_coblocks_responsive_height":"","_coblocks_accordion_ie_support":"","_gspb_post_css":"","footnotes":""},"class_list":["post-278","page","type-page","status-publish","hentry"],"aioseo_notices":[],"blog_post_layout_featured_media_urls":{"thumbnail":"","full":""},"categories_names":null,"comments_number":"0","jetpack_sharing_enabled":false,"_links":{"self":[{"href":"https:\/\/elbuhodg.com\/en\/wp-json\/wp\/v2\/pages\/278","targetHints":{"allow":["GET"]}}],"collection":[{"href":"https:\/\/elbuhodg.com\/en\/wp-json\/wp\/v2\/pages"}],"about":[{"href":"https:\/\/elbuhodg.com\/en\/wp-json\/wp\/v2\/types\/page"}],"author":[{"embeddable":true,"href":"https:\/\/elbuhodg.com\/en\/wp-json\/wp\/v2\/users\/1"}],"replies":[{"embeddable":true,"href":"https:\/\/elbuhodg.com\/en\/wp-json\/wp\/v2\/comments?post=278"}],"version-history":[{"count":21,"href":"https:\/\/elbuhodg.com\/en\/wp-json\/wp\/v2\/pages\/278\/revisions"}],"predecessor-version":[{"id":391,"href":"https:\/\/elbuhodg.com\/en\/wp-json\/wp\/v2\/pages\/278\/revisions\/391"}],"wp:attachment":[{"href":"https:\/\/elbuhodg.com\/en\/wp-json\/wp\/v2\/media?parent=278"}],"curies":[{"name":"wp","href":"https:\/\/api.w.org\/{rel}","templated":true}]}}